{"id":486,"date":"2025-11-11T22:03:12","date_gmt":"2025-11-11T22:03:12","guid":{"rendered":"http:\/\/vinnycontratista.com\/contactenos\/"},"modified":"2025-11-21T18:14:46","modified_gmt":"2025-11-21T18:14:46","slug":"contactenos","status":"publish","type":"page","link":"https:\/\/vinnycontratista.com\/es\/contactenos\/","title":{"rendered":"Cont\u00e1ctenos"},"content":{"rendered":"\n<div class=\"wp-block-cover alignfull is-light\" style=\"margin-top:0;margin-bottom:0\"><span aria-hidden=\"true\" class=\"wp-block-cover__background has-background-dim-100 has-background-dim\" style=\"background-color:#fffcf2\"><\/span><div class=\"wp-block-cover__inner-container has-global-padding is-layout-constrained wp-block-cover-is-layout-constrained\">\n<div style=\"height:100px\" aria-hidden=\"true\" class=\"wp-block-spacer\"><\/div>\n\n\n\n<div class=\"wp-block-columns alignwide is-layout-flex wp-container-core-columns-is-layout-28f84493 wp-block-columns-is-layout-flex\">\n<div class=\"wp-block-column is-layout-flow wp-block-column-is-layout-flow\">\n<h6 class=\"wp-block-heading has-hanken-grotesk-font-family has-small-font-size\" style=\"text-transform:uppercase\">Preguntas comunes<\/h6>\n\n\n\n<h2 class=\"wp-block-heading has-xxx-large-font-size\">\u00bfTienes alguna pregunta? <br\/>Puede Contactarnos<\/h2>\n\n\n\n<p class=\"has-text-color has-link-color has-x-small-font-size wp-elements-6798ac0700fdc602c1e91c3b3b9e49d3\" style=\"color:#8c897e\">Nuestro equipo est\u00e1 aqu\u00ed para ayudarle con cualquier proyecto de construcci\u00f3n, renovaci\u00f3n o reparaci\u00f3n en Cuenca. Ya sea que necesite remodelaci\u00f3n residencial, construcci\u00f3n comercial, techos, plomer\u00eda, pintura o restauraci\u00f3n completa de su propiedad, Vinny Contratista est\u00e1 listo para ayudarle en cualquier momento. <\/p>\n\n\n\n<div style=\"height:26px\" aria-hidden=\"true\" class=\"wp-block-spacer\"><\/div>\n\n\n\n<div class=\"wp-block-columns is-layout-flex wp-container-core-columns-is-layout-28f84493 wp-block-columns-is-layout-flex\">\n<div class=\"wp-block-column is-layout-flow wp-block-column-is-layout-flow\" style=\"flex-basis:22px\">\n<div class=\"wp-block-boldblocks-svg-block svg-b-1\"><div class=\"wp-block-boldblocks-svg-block__inner sm-svg-width svg-fill-color\"><svg xmlns=\"http:\/\/www.w3.org\/2000\/svg\" viewbox=\"0 0 17.11 19.63\"><path d=\"M8.56 11.78c-1.94 0-3.51-1.57-3.51-3.51s1.57-3.51 3.51-3.51 3.51 1.57 3.51 3.51-1.58 3.51-3.51 3.51Zm0-5.72a2.21 2.21 0 1 0 .001 4.421A2.21 2.21 0 0 0 8.56 6.06Z\" class=\"cls-1\"><\/path><path d=\"M8.56 19.63c-1.35 0-2.7-.51-3.76-1.52C2.1 15.52-.88 11.39.24 6.46 1.26 2 5.15 0 8.55 0c3.41 0 7.3 2 8.31 6.46 1.12 4.93-1.87 9.06-4.57 11.65a5.399 5.399 0 0 1-3.75 1.52ZM1.51 6.74c-.98 4.34 1.74 8.07 4.19 10.43a4.106 4.106 0 0 0 5.71 0c2.46-2.36 5.18-6.08 4.2-10.43-.91-4.02-4.37-5.45-7.05-5.45-2.69.01-6.14 1.44-7.05 5.45Z\" class=\"cls-1\"><\/path><\/svg><\/div><\/div>\n<\/div>\n\n\n\n<div class=\"wp-block-column is-layout-flow wp-block-column-is-layout-flow\">\n<p class=\"has-text-color has-link-color has-x-small-font-size wp-elements-b0a1996d407b3da6546b184bc3b343db\" style=\"color:#8c897e\">C. Pio Bravo 3-06, Cuenca, Ecuador<\/p>\n<\/div>\n<\/div>\n\n\n\n<div class=\"wp-block-columns is-layout-flex wp-container-core-columns-is-layout-28f84493 wp-block-columns-is-layout-flex\">\n<div class=\"wp-block-column is-layout-flow wp-block-column-is-layout-flow\" style=\"flex-basis:22px\">\n<div class=\"wp-block-boldblocks-svg-block svg-b-2\"><div class=\"wp-block-boldblocks-svg-block__inner sm-svg-width svg-fill-color\"><svg xmlns=\"http:\/\/www.w3.org\/2000\/svg\" viewbox=\"0 0 15.3 20.3\"><path d=\"M10.27 20.3H5.02C1.17 20.3 0 19.04 0 14.9V5.4C0 1.26 1.17 0 5.02 0h5.25c3.85 0 5.03 1.26 5.03 5.4v9.5c0 4.14-1.17 5.4-5.03 5.4Zm-5.25-19c-3.13 0-3.72.65-3.72 4.1v9.5c0 3.45.59 4.1 3.73 4.1h5.25c3.13 0 3.72-.65 3.72-4.1V5.4c0-3.45-.59-4.1-3.72-4.1H5.02Z\"><\/path><path d=\"M9.4 4.62H5.9c-.36 0-.65-.29-.65-.65s.29-.65.65-.65h3.5c.36 0 .65.29.65.65s-.29.65-.65.65ZM7.65 17.55c-1.11 0-2.01-.95-2.01-2.12s.9-2.12 2.01-2.12 2.01.95 2.01 2.12-.9 2.12-2.01 2.12Zm0-2.95c-.39 0-.71.37-.71.82s.32.82.71.82.71-.37.71-.82-.32-.82-.71-.82Z\"><\/path><\/svg><\/div><\/div>\n<\/div>\n\n\n\n<div class=\"wp-block-column is-layout-flow wp-block-column-is-layout-flow\">\n<p class=\"has-text-color has-link-color has-x-small-font-size wp-elements-d344867984249089238fc01dd7e9f6d4\" style=\"color:#8c897e\">+593 98 136 5077<\/p>\n<\/div>\n<\/div>\n\n\n\n<div class=\"wp-block-columns is-layout-flex wp-container-core-columns-is-layout-28f84493 wp-block-columns-is-layout-flex\">\n<div class=\"wp-block-column is-layout-flow wp-block-column-is-layout-flow\" style=\"flex-basis:22px\">\n<div class=\"wp-block-boldblocks-svg-block svg-b-3\"><div class=\"wp-block-boldblocks-svg-block__inner sm-svg-width svg-fill-color\"><svg xmlns=\"http:\/\/www.w3.org\/2000\/svg\" viewbox=\"0 0 19.63 16.88\"><path d=\"M14.4 16.88H5.23C1.9 16.88 0 14.97 0 11.65V5.23C0 1.91 1.91 0 5.23 0h9.17c3.33 0 5.23 1.91 5.23 5.23v6.42c0 3.33-1.91 5.23-5.23 5.23ZM5.23 1.3C2.62 1.3 1.3 2.62 1.3 5.23v6.42c0 2.61 1.32 3.93 3.93 3.93h9.17c2.61 0 3.93-1.32 3.93-3.93V5.23c0-2.61-1.32-3.93-3.93-3.93H5.23Z\"><\/path><path d=\"M9.81 9.2c-.76 0-1.53-.24-2.12-.71L4.83 6.2a.64.64 0 0 1-.1-.91.64.64 0 0 1 .91-.1L8.5 7.48c.71.57 1.91.57 2.63 0L14 5.19c.28-.22.69-.18.91.1s.18.69-.1.91l-2.87 2.29c-.6.47-1.36.71-2.12.71Z\"><\/path><\/svg><\/div><\/div>\n<\/div>\n\n\n\n<div class=\"wp-block-column is-layout-flow wp-block-column-is-layout-flow\">\n<p class=\"has-text-color has-link-color has-x-small-font-size wp-elements-285ba94c513cf03fbc1ae62f577eb60c\" style=\"color:#8c897e\">cruzvinny@aol.com<\/p>\n<\/div>\n<\/div>\n<\/div>\n\n\n\n<div class=\"wp-block-column is-layout-flow wp-block-column-is-layout-flow\">\n<div class=\"wp-block-contact-form-7-contact-form-selector\">\n<div class=\"wpcf7 no-js\" id=\"wpcf7-f448-o1\" lang=\"es-ES\" dir=\"ltr\" data-wpcf7-id=\"448\">\n<div class=\"screen-reader-response\"><p role=\"status\" aria-live=\"polite\" aria-atomic=\"true\"><\/p> <ul><\/ul><\/div>\n<form action=\"\/es\/wp-json\/wp\/v2\/pages\/486#wpcf7-f448-o1\" method=\"post\" class=\"wpcf7-form init\" id=\"contact-us\" aria-label=\"Formulario de contacto\" novalidate=\"novalidate\" data-status=\"init\">\n<fieldset class=\"hidden-fields-container\"><input type=\"hidden\" name=\"_wpcf7\" value=\"448\" \/><input type=\"hidden\" name=\"_wpcf7_version\" value=\"6.1.5\" \/><input type=\"hidden\" name=\"_wpcf7_locale\" value=\"es_ES\" \/><input type=\"hidden\" name=\"_wpcf7_unit_tag\" value=\"wpcf7-f448-o1\" \/><input type=\"hidden\" name=\"_wpcf7_container_post\" value=\"0\" \/><input type=\"hidden\" name=\"_wpcf7_posted_data_hash\" value=\"\" \/>\n<\/fieldset>\n<p><label> Nombre<br \/>\n<span class=\"wpcf7-form-control-wrap\" data-name=\"your-name\"><input size=\"40\" maxlength=\"400\" class=\"wpcf7-form-control wpcf7-text wpcf7-validates-as-required\" autocomplete=\"name\" aria-required=\"true\" aria-invalid=\"false\" value=\"\" type=\"text\" name=\"your-name\" \/><\/span> <\/label>\n<\/p>\n<p><label> Email<br \/>\n<span class=\"wpcf7-form-control-wrap\" data-name=\"your-email\"><input size=\"40\" maxlength=\"400\" class=\"wpcf7-form-control wpcf7-email wpcf7-validates-as-required wpcf7-text wpcf7-validates-as-email\" autocomplete=\"email\" aria-required=\"true\" aria-invalid=\"false\" value=\"\" type=\"email\" name=\"your-email\" \/><\/span> <\/label>\n<\/p>\n<p><label> Tel\u00e9fono<br \/>\n<span class=\"wpcf7-form-control-wrap\" data-name=\"your-phone\"><input size=\"40\" maxlength=\"400\" class=\"wpcf7-form-control wpcf7-tel wpcf7-validates-as-required wpcf7-text wpcf7-validates-as-tel\" autocomplete=\"phone\" aria-required=\"true\" aria-invalid=\"false\" value=\"\" type=\"tel\" name=\"your-phone\" \/><\/span> <\/label>\n<\/p>\n<p><label> Mensaje<br \/>\n<span class=\"wpcf7-form-control-wrap\" data-name=\"your-message\"><textarea cols=\"40\" rows=\"10\" maxlength=\"2000\" class=\"wpcf7-form-control wpcf7-textarea wpcf7-validates-as-required\" aria-required=\"true\" aria-invalid=\"false\" name=\"your-message\"><\/textarea><\/span> <\/label>\n<\/p>\n<p><input class=\"wpcf7-form-control wpcf7-submit has-spinner\" type=\"submit\" value=\"Enviar Mensaje\" \/>\n<\/p><div class=\"wpcf7-response-output\" aria-hidden=\"true\"><\/div>\n<\/form>\n<\/div>\n<\/div>\n<\/div>\n<\/div>\n\n\n\n<div style=\"height:100px\" aria-hidden=\"true\" class=\"wp-block-spacer\"><\/div>\n<\/div><\/div>\n","protected":false},"excerpt":{"rendered":"","protected":false},"author":1,"featured_media":0,"parent":0,"menu_order":0,"comment_status":"closed","ping_status":"closed","template":"page-blank","meta":{"footnotes":""},"class_list":["post-486","page","type-page","status-publish","hentry"],"yoast_head":"<!-- This site is optimized with the Yoast SEO plugin v27.5 - https:\/\/yoast.com\/product\/yoast-seo-wordpress\/ -->\n<title>Cont\u00e1ctenos - vinny<\/title>\n<meta name=\"robots\" content=\"index, follow, max-snippet:-1, max-image-preview:large, max-video-preview:-1\" \/>\n<link rel=\"canonical\" href=\"https:\/\/vinnycontratista.com\/contact-us\/\" \/>\n<meta property=\"og:locale\" content=\"es_ES\" \/>\n<meta property=\"og:type\" content=\"article\" \/>\n<meta property=\"og:title\" content=\"Cont\u00e1ctenos - vinny\" \/>\n<meta property=\"og:url\" content=\"https:\/\/vinnycontratista.com\/contact-us\/\" \/>\n<meta property=\"og:site_name\" content=\"vinny\" \/>\n<meta property=\"article:publisher\" content=\"https:\/\/www.facebook.com\/contratista77\/\" \/>\n<meta property=\"article:modified_time\" content=\"2025-11-21T18:14:46+00:00\" \/>\n<meta name=\"twitter:card\" content=\"summary_large_image\" \/>\n<script type=\"application\/ld+json\" class=\"yoast-schema-graph\">{\"@context\":\"https:\\\/\\\/schema.org\",\"@graph\":[{\"@type\":\"WebPage\",\"@id\":\"https:\\\/\\\/vinnycontratista.com\\\/contact-us\\\/\",\"url\":\"https:\\\/\\\/vinnycontratista.com\\\/contact-us\\\/\",\"name\":\"Cont\u00e1ctenos - vinny\",\"isPartOf\":{\"@id\":\"https:\\\/\\\/vinnycontratista.com\\\/#website\"},\"datePublished\":\"2025-11-11T22:03:12+00:00\",\"dateModified\":\"2025-11-21T18:14:46+00:00\",\"breadcrumb\":{\"@id\":\"https:\\\/\\\/vinnycontratista.com\\\/contact-us\\\/#breadcrumb\"},\"inLanguage\":\"es\",\"potentialAction\":[{\"@type\":\"ReadAction\",\"target\":[\"https:\\\/\\\/vinnycontratista.com\\\/contact-us\\\/\"]}]},{\"@type\":\"BreadcrumbList\",\"@id\":\"https:\\\/\\\/vinnycontratista.com\\\/contact-us\\\/#breadcrumb\",\"itemListElement\":[{\"@type\":\"ListItem\",\"position\":1,\"name\":\"Home\",\"item\":\"https:\\\/\\\/vinnycontratista.com\\\/\"},{\"@type\":\"ListItem\",\"position\":2,\"name\":\"Cont\u00e1ctenos\"}]},{\"@type\":\"WebSite\",\"@id\":\"https:\\\/\\\/vinnycontratista.com\\\/#website\",\"url\":\"https:\\\/\\\/vinnycontratista.com\\\/\",\"name\":\"Vinny Contratista\",\"description\":\"\",\"publisher\":{\"@id\":\"https:\\\/\\\/vinnycontratista.com\\\/#organization\"},\"potentialAction\":[{\"@type\":\"SearchAction\",\"target\":{\"@type\":\"EntryPoint\",\"urlTemplate\":\"https:\\\/\\\/vinnycontratista.com\\\/?s={search_term_string}\"},\"query-input\":{\"@type\":\"PropertyValueSpecification\",\"valueRequired\":true,\"valueName\":\"search_term_string\"}}],\"inLanguage\":\"es\"},{\"@type\":\"Organization\",\"@id\":\"https:\\\/\\\/vinnycontratista.com\\\/#organization\",\"name\":\"Vinny Contratista\",\"url\":\"https:\\\/\\\/vinnycontratista.com\\\/\",\"logo\":{\"@type\":\"ImageObject\",\"inLanguage\":\"es\",\"@id\":\"https:\\\/\\\/vinnycontratista.com\\\/#\\\/schema\\\/logo\\\/image\\\/\",\"url\":\"https:\\\/\\\/vinnycontratista.com\\\/wp-content\\\/uploads\\\/2025\\\/12\\\/logo-minified.svg\",\"contentUrl\":\"https:\\\/\\\/vinnycontratista.com\\\/wp-content\\\/uploads\\\/2025\\\/12\\\/logo-minified.svg\",\"width\":851,\"height\":619,\"caption\":\"Vinny Contratista\"},\"image\":{\"@id\":\"https:\\\/\\\/vinnycontratista.com\\\/#\\\/schema\\\/logo\\\/image\\\/\"},\"sameAs\":[\"https:\\\/\\\/www.facebook.com\\\/contratista77\\\/\"]}]}<\/script>\n<!-- \/ Yoast SEO plugin. -->","yoast_head_json":{"title":"Cont\u00e1ctenos - vinny","robots":{"index":"index","follow":"follow","max-snippet":"max-snippet:-1","max-image-preview":"max-image-preview:large","max-video-preview":"max-video-preview:-1"},"canonical":"https:\/\/vinnycontratista.com\/contact-us\/","og_locale":"es_ES","og_type":"article","og_title":"Cont\u00e1ctenos - vinny","og_url":"https:\/\/vinnycontratista.com\/contact-us\/","og_site_name":"vinny","article_publisher":"https:\/\/www.facebook.com\/contratista77\/","article_modified_time":"2025-11-21T18:14:46+00:00","twitter_card":"summary_large_image","schema":{"@context":"https:\/\/schema.org","@graph":[{"@type":"WebPage","@id":"https:\/\/vinnycontratista.com\/contact-us\/","url":"https:\/\/vinnycontratista.com\/contact-us\/","name":"Cont\u00e1ctenos - vinny","isPartOf":{"@id":"https:\/\/vinnycontratista.com\/#website"},"datePublished":"2025-11-11T22:03:12+00:00","dateModified":"2025-11-21T18:14:46+00:00","breadcrumb":{"@id":"https:\/\/vinnycontratista.com\/contact-us\/#breadcrumb"},"inLanguage":"es","potentialAction":[{"@type":"ReadAction","target":["https:\/\/vinnycontratista.com\/contact-us\/"]}]},{"@type":"BreadcrumbList","@id":"https:\/\/vinnycontratista.com\/contact-us\/#breadcrumb","itemListElement":[{"@type":"ListItem","position":1,"name":"Home","item":"https:\/\/vinnycontratista.com\/"},{"@type":"ListItem","position":2,"name":"Cont\u00e1ctenos"}]},{"@type":"WebSite","@id":"https:\/\/vinnycontratista.com\/#website","url":"https:\/\/vinnycontratista.com\/","name":"Vinny Contratista","description":"","publisher":{"@id":"https:\/\/vinnycontratista.com\/#organization"},"potentialAction":[{"@type":"SearchAction","target":{"@type":"EntryPoint","urlTemplate":"https:\/\/vinnycontratista.com\/?s={search_term_string}"},"query-input":{"@type":"PropertyValueSpecification","valueRequired":true,"valueName":"search_term_string"}}],"inLanguage":"es"},{"@type":"Organization","@id":"https:\/\/vinnycontratista.com\/#organization","name":"Vinny Contratista","url":"https:\/\/vinnycontratista.com\/","logo":{"@type":"ImageObject","inLanguage":"es","@id":"https:\/\/vinnycontratista.com\/#\/schema\/logo\/image\/","url":"https:\/\/vinnycontratista.com\/wp-content\/uploads\/2025\/12\/logo-minified.svg","contentUrl":"https:\/\/vinnycontratista.com\/wp-content\/uploads\/2025\/12\/logo-minified.svg","width":851,"height":619,"caption":"Vinny Contratista"},"image":{"@id":"https:\/\/vinnycontratista.com\/#\/schema\/logo\/image\/"},"sameAs":["https:\/\/www.facebook.com\/contratista77\/"]}]}},"_links":{"self":[{"href":"https:\/\/vinnycontratista.com\/es\/wp-json\/wp\/v2\/pages\/486","targetHints":{"allow":["GET"]}}],"collection":[{"href":"https:\/\/vinnycontratista.com\/es\/wp-json\/wp\/v2\/pages"}],"about":[{"href":"https:\/\/vinnycontratista.com\/es\/wp-json\/wp\/v2\/types\/page"}],"author":[{"embeddable":true,"href":"https:\/\/vinnycontratista.com\/es\/wp-json\/wp\/v2\/users\/1"}],"replies":[{"embeddable":true,"href":"https:\/\/vinnycontratista.com\/es\/wp-json\/wp\/v2\/comments?post=486"}],"version-history":[{"count":1,"href":"https:\/\/vinnycontratista.com\/es\/wp-json\/wp\/v2\/pages\/486\/revisions"}],"predecessor-version":[{"id":487,"href":"https:\/\/vinnycontratista.com\/es\/wp-json\/wp\/v2\/pages\/486\/revisions\/487"}],"wp:attachment":[{"href":"https:\/\/vinnycontratista.com\/es\/wp-json\/wp\/v2\/media?parent=486"}],"curies":[{"name":"wp","href":"https:\/\/api.w.org\/{rel}","templated":true}]}}